{"id":10,"date":"2020-11-14T11:35:35","date_gmt":"2020-11-14T11:35:35","guid":{"rendered":"https:\/\/gunguroo.com\/buecheresel\/?page_id=10"},"modified":"2022-04-26T11:37:54","modified_gmt":"2022-04-26T11:37:54","slug":"about","status":"publish","type":"page","link":"https:\/\/gunguroo.com\/buecheresel\/home\/about\/","title":{"rendered":"Wer sind wir?"},"content":{"rendered":"\n<p><\/p>\n\n\n\n<h2 class=\"wp-block-heading\">Angi<\/h2>\n\n\n\n<p>Doktor der Forstwissenschaft und leidenschaftliche Flechten-, Pilz- und Baumkennerin. In ihrer Freizeit findet man sie entweder im Pferdestall oder mit einem Buch im Sessel vergraben. Wenn ich sie dann gelegentlich besuche, planen wir Bergtouren, verr\u00fcckte Reisen auf kleinem Budget, gemeinsame Ausritte oder auch schon mal eine mehrt\u00e4gige Fahrradtour. Egal was, Hauptsache unterwegs in der Natur. Ach ja und nicht vergessen, mit den Flederm\u00e4usen hat sie ein Hobby nun sogar zum Beruf gemacht!<\/p>\n\n\n\n<p>H\u00f6rt mal rein in ihren anderen Podcast <a href=\"https:\/\/awrjmf.podcaster.de\" target=\"_blank\" rel=\"noreferrer noopener\">WaldPilzWelten<\/a><\/p>\n\n\n\n<p><\/p>\n\n\n\n<h2 class=\"wp-block-heading\">Ute<\/h2>\n\n\n\n<p>Soziologin, Journalistin, Reitguide. Berufe und Interessen hat sie viele und ihre Leidenschaft geh\u00f6rt den Pferden, dem Reisen und den B\u00fcchern. Am liebsten ist sie unterwegs ob zu Pferd, zu Fuss oder weiter weg. Seit Sommer professionelle Podcasterin, probiert sie nun das Podcasten mal auf Deutsch.<\/p>\n\n\n\n<p>H\u00f6rt mal rein in ihren anderen Podcast <a href=\"https:\/\/equestrianadventuresses.com\/category\/podcast\/\" target=\"_blank\" rel=\"noreferrer noopener\">Equestrian Adventuresses <\/a><\/p>\n\n\n\n<p><\/p>\n\n\n\n<figure class=\"wp-block-image size-large\"><img data-recalc-dims=\"1\" loading=\"lazy\" decoding=\"async\" width=\"580\" height=\"435\" src=\"https:\/\/i0.wp.com\/gunguroo.com\/buecheresel\/wp-content\/uploads\/2020\/11\/IMG_0994.jpg?resize=580%2C435&#038;ssl=1\" alt=\"\" class=\"wp-image-56\" srcset=\"https:\/\/i0.wp.com\/gunguroo.com\/buecheresel\/wp-content\/uploads\/2020\/11\/IMG_0994-scaled.jpg?resize=1024%2C768&amp;ssl=1 1024w, https:\/\/i0.wp.com\/gunguroo.com\/buecheresel\/wp-content\/uploads\/2020\/11\/IMG_0994-scaled.jpg?resize=300%2C225&amp;ssl=1 300w, https:\/\/i0.wp.com\/gunguroo.com\/buecheresel\/wp-content\/uploads\/2020\/11\/IMG_0994-scaled.jpg?resize=768%2C576&amp;ssl=1 768w, https:\/\/i0.wp.com\/gunguroo.com\/buecheresel\/wp-content\/uploads\/2020\/11\/IMG_0994-scaled.jpg?resize=1536%2C1152&amp;ssl=1 1536w, https:\/\/i0.wp.com\/gunguroo.com\/buecheresel\/wp-content\/uploads\/2020\/11\/IMG_0994-scaled.jpg?resize=2048%2C1536&amp;ssl=1 2048w, https:\/\/i0.wp.com\/gunguroo.com\/buecheresel\/wp-content\/uploads\/2020\/11\/IMG_0994-scaled.jpg?resize=1200%2C900&amp;ssl=1 1200w, https:\/\/i0.wp.com\/gunguroo.com\/buecheresel\/wp-content\/uploads\/2020\/11\/IMG_0994-scaled.jpg?resize=1980%2C1485&amp;ssl=1 1980w, https:\/\/i0.wp.com\/gunguroo.com\/buecheresel\/wp-content\/uploads\/2020\/11\/IMG_0994-scaled.jpg?w=1740&amp;ssl=1 1740w\" sizes=\"auto, (max-width: 580px) 100vw, 580px\" \/><\/figure>\n","protected":false},"excerpt":{"rendered":"<p>Angi Doktor der Forstwissenschaft und leidenschaftliche Flechten-, Pilz- und Baumkennerin. In ihrer Freizeit findet man sie entweder im Pferdestall oder mit einem Buch im Sessel vergraben. Wenn ich sie dann gelegentlich besuche, planen wir Bergtouren, verr\u00fcckte Reisen auf kleinem Budget, gemeinsame Ausritte oder auch schon mal eine mehrt\u00e4gige Fahrradtour. Egal was, Hauptsache unterwegs in der [&hellip;]<\/p>\n","protected":false},"author":1,"featured_media":6,"parent":4,"menu_order":2,"comment_status":"closed","ping_status":"closed","template":"","meta":{"nf_dc_page":"","om_disable_all_campaigns":false,"_monsterinsights_skip_tracking":false,"_monsterinsights_sitenote_active":false,"_monsterinsights_sitenote_note":"","_monsterinsights_sitenote_category":0,"footnotes":""},"class_list":["post-10","page","type-page","status-publish","has-post-thumbnail","hentry"],"yoast_head":"<!-- This site is optimized with the Yoast SEO plugin v27.4 - https:\/\/yoast.com\/product\/yoast-seo-wordpress\/ -->\n<title>Wer sind wir? - B\u00fccherEsel<\/title>\n<meta name=\"robots\" content=\"index, follow, max-snippet:-1, max-image-preview:large, max-video-preview:-1\" \/>\n<link rel=\"canonical\" href=\"https:\/\/gunguroo.com\/buecheresel\/home\/about\/\" \/>\n<meta property=\"og:locale\" content=\"en_US\" \/>\n<meta property=\"og:type\" content=\"article\" \/>\n<meta property=\"og:title\" content=\"Wer sind wir? - B\u00fccherEsel\" \/>\n<meta property=\"og:description\" content=\"Angi Doktor der Forstwissenschaft und leidenschaftliche Flechten-, Pilz- und Baumkennerin. In ihrer Freizeit findet man sie entweder im Pferdestall oder mit einem Buch im Sessel vergraben. Wenn ich sie dann gelegentlich besuche, planen wir Bergtouren, verr\u00fcckte Reisen auf kleinem Budget, gemeinsame Ausritte oder auch schon mal eine mehrt\u00e4gige Fahrradtour. Egal was, Hauptsache unterwegs in der [&hellip;]\" \/>\n<meta property=\"og:url\" content=\"https:\/\/gunguroo.com\/buecheresel\/home\/about\/\" \/>\n<meta property=\"og:site_name\" content=\"B\u00fccherEsel\" \/>\n<meta property=\"article:publisher\" content=\"https:\/\/www.facebook.com\/B%c3%bccher-Esel-Dein-Literatur-Podcast-100811025159611\" \/>\n<meta property=\"article:modified_time\" content=\"2022-04-26T11:37:54+00:00\" \/>\n<meta property=\"og:image\" content=\"https:\/\/gunguroo.com\/buecheresel\/wp-content\/uploads\/2020\/11\/Dein-Literatur-Podcast.jpg\" \/>\n\t<meta property=\"og:image:width\" content=\"2240\" \/>\n\t<meta property=\"og:image:height\" content=\"1260\" \/>\n\t<meta property=\"og:image:type\" content=\"image\/jpeg\" \/>\n<meta name=\"twitter:card\" content=\"summary_large_image\" \/>\n<meta name=\"twitter:label1\" content=\"Est. reading time\" \/>\n\t<meta name=\"twitter:data1\" content=\"1 minute\" \/>\n<script type=\"application\/ld+json\" class=\"yoast-schema-graph\">{\"@context\":\"https:\\\/\\\/schema.org\",\"@graph\":[{\"@type\":\"WebPage\",\"@id\":\"https:\\\/\\\/gunguroo.com\\\/buecheresel\\\/home\\\/about\\\/\",\"url\":\"https:\\\/\\\/gunguroo.com\\\/buecheresel\\\/home\\\/about\\\/\",\"name\":\"Wer sind wir? - B\u00fccherEsel\",\"isPartOf\":{\"@id\":\"https:\\\/\\\/gunguroo.com\\\/buecheresel\\\/#website\"},\"primaryImageOfPage\":{\"@id\":\"https:\\\/\\\/gunguroo.com\\\/buecheresel\\\/home\\\/about\\\/#primaryimage\"},\"image\":{\"@id\":\"https:\\\/\\\/gunguroo.com\\\/buecheresel\\\/home\\\/about\\\/#primaryimage\"},\"thumbnailUrl\":\"https:\\\/\\\/i0.wp.com\\\/gunguroo.com\\\/buecheresel\\\/wp-content\\\/uploads\\\/2020\\\/11\\\/Dein-Literatur-Podcast.jpg?fit=2240%2C1260&ssl=1\",\"datePublished\":\"2020-11-14T11:35:35+00:00\",\"dateModified\":\"2022-04-26T11:37:54+00:00\",\"breadcrumb\":{\"@id\":\"https:\\\/\\\/gunguroo.com\\\/buecheresel\\\/home\\\/about\\\/#breadcrumb\"},\"inLanguage\":\"en-US\",\"potentialAction\":[{\"@type\":\"ReadAction\",\"target\":[\"https:\\\/\\\/gunguroo.com\\\/buecheresel\\\/home\\\/about\\\/\"]}]},{\"@type\":\"ImageObject\",\"inLanguage\":\"en-US\",\"@id\":\"https:\\\/\\\/gunguroo.com\\\/buecheresel\\\/home\\\/about\\\/#primaryimage\",\"url\":\"https:\\\/\\\/i0.wp.com\\\/gunguroo.com\\\/buecheresel\\\/wp-content\\\/uploads\\\/2020\\\/11\\\/Dein-Literatur-Podcast.jpg?fit=2240%2C1260&ssl=1\",\"contentUrl\":\"https:\\\/\\\/i0.wp.com\\\/gunguroo.com\\\/buecheresel\\\/wp-content\\\/uploads\\\/2020\\\/11\\\/Dein-Literatur-Podcast.jpg?fit=2240%2C1260&ssl=1\",\"width\":2240,\"height\":1260},{\"@type\":\"BreadcrumbList\",\"@id\":\"https:\\\/\\\/gunguroo.com\\\/buecheresel\\\/home\\\/about\\\/#breadcrumb\",\"itemListElement\":[{\"@type\":\"ListItem\",\"position\":1,\"name\":\"Home\",\"item\":\"https:\\\/\\\/gunguroo.com\\\/buecheresel\\\/\"},{\"@type\":\"ListItem\",\"position\":2,\"name\":\"Home\",\"item\":\"https:\\\/\\\/gunguroo.com\\\/buecheresel\\\/\"},{\"@type\":\"ListItem\",\"position\":3,\"name\":\"Wer sind wir?\"}]},{\"@type\":\"WebSite\",\"@id\":\"https:\\\/\\\/gunguroo.com\\\/buecheresel\\\/#website\",\"url\":\"https:\\\/\\\/gunguroo.com\\\/buecheresel\\\/\",\"name\":\"B\u00fccherEsel\",\"description\":\"Dein Literatur Podcast\",\"publisher\":{\"@id\":\"https:\\\/\\\/gunguroo.com\\\/buecheresel\\\/#organization\"},\"potentialAction\":[{\"@type\":\"SearchAction\",\"target\":{\"@type\":\"EntryPoint\",\"urlTemplate\":\"https:\\\/\\\/gunguroo.com\\\/buecheresel\\\/?s={search_term_string}\"},\"query-input\":{\"@type\":\"PropertyValueSpecification\",\"valueRequired\":true,\"valueName\":\"search_term_string\"}}],\"inLanguage\":\"en-US\"},{\"@type\":\"Organization\",\"@id\":\"https:\\\/\\\/gunguroo.com\\\/buecheresel\\\/#organization\",\"name\":\"B\u00fccherEsel - Dein Literatur Podcast\",\"url\":\"https:\\\/\\\/gunguroo.com\\\/buecheresel\\\/\",\"logo\":{\"@type\":\"ImageObject\",\"inLanguage\":\"en-US\",\"@id\":\"https:\\\/\\\/gunguroo.com\\\/buecheresel\\\/#\\\/schema\\\/logo\\\/image\\\/\",\"url\":\"https:\\\/\\\/i1.wp.com\\\/gunguroo.com\\\/buecheresel\\\/wp-content\\\/uploads\\\/2020\\\/11\\\/Beige-Elegant-Collage-Sale-Instagram-Post.jpg?fit=1080%2C1080&ssl=1\",\"contentUrl\":\"https:\\\/\\\/i1.wp.com\\\/gunguroo.com\\\/buecheresel\\\/wp-content\\\/uploads\\\/2020\\\/11\\\/Beige-Elegant-Collage-Sale-Instagram-Post.jpg?fit=1080%2C1080&ssl=1\",\"width\":1080,\"height\":1080,\"caption\":\"B\u00fccherEsel - Dein Literatur Podcast\"},\"image\":{\"@id\":\"https:\\\/\\\/gunguroo.com\\\/buecheresel\\\/#\\\/schema\\\/logo\\\/image\\\/\"},\"sameAs\":[\"https:\\\/\\\/www.facebook.com\\\/B\u00fccher-Esel-Dein-Literatur-Podcast-100811025159611\",\"https:\\\/\\\/www.instagram.com\\\/buecheresel\\\/\"]}]}<\/script>\n<!-- \/ Yoast SEO plugin. -->","yoast_head_json":{"title":"Wer sind wir? - B\u00fccherEsel","robots":{"index":"index","follow":"follow","max-snippet":"max-snippet:-1","max-image-preview":"max-image-preview:large","max-video-preview":"max-video-preview:-1"},"canonical":"https:\/\/gunguroo.com\/buecheresel\/home\/about\/","og_locale":"en_US","og_type":"article","og_title":"Wer sind wir? - B\u00fccherEsel","og_description":"Angi Doktor der Forstwissenschaft und leidenschaftliche Flechten-, Pilz- und Baumkennerin. In ihrer Freizeit findet man sie entweder im Pferdestall oder mit einem Buch im Sessel vergraben. Wenn ich sie dann gelegentlich besuche, planen wir Bergtouren, verr\u00fcckte Reisen auf kleinem Budget, gemeinsame Ausritte oder auch schon mal eine mehrt\u00e4gige Fahrradtour. Egal was, Hauptsache unterwegs in der [&hellip;]","og_url":"https:\/\/gunguroo.com\/buecheresel\/home\/about\/","og_site_name":"B\u00fccherEsel","article_publisher":"https:\/\/www.facebook.com\/B%c3%bccher-Esel-Dein-Literatur-Podcast-100811025159611","article_modified_time":"2022-04-26T11:37:54+00:00","og_image":[{"width":2240,"height":1260,"url":"https:\/\/gunguroo.com\/buecheresel\/wp-content\/uploads\/2020\/11\/Dein-Literatur-Podcast.jpg","type":"image\/jpeg"}],"twitter_card":"summary_large_image","twitter_misc":{"Est. reading time":"1 minute"},"schema":{"@context":"https:\/\/schema.org","@graph":[{"@type":"WebPage","@id":"https:\/\/gunguroo.com\/buecheresel\/home\/about\/","url":"https:\/\/gunguroo.com\/buecheresel\/home\/about\/","name":"Wer sind wir? - B\u00fccherEsel","isPartOf":{"@id":"https:\/\/gunguroo.com\/buecheresel\/#website"},"primaryImageOfPage":{"@id":"https:\/\/gunguroo.com\/buecheresel\/home\/about\/#primaryimage"},"image":{"@id":"https:\/\/gunguroo.com\/buecheresel\/home\/about\/#primaryimage"},"thumbnailUrl":"https:\/\/i0.wp.com\/gunguroo.com\/buecheresel\/wp-content\/uploads\/2020\/11\/Dein-Literatur-Podcast.jpg?fit=2240%2C1260&ssl=1","datePublished":"2020-11-14T11:35:35+00:00","dateModified":"2022-04-26T11:37:54+00:00","breadcrumb":{"@id":"https:\/\/gunguroo.com\/buecheresel\/home\/about\/#breadcrumb"},"inLanguage":"en-US","potentialAction":[{"@type":"ReadAction","target":["https:\/\/gunguroo.com\/buecheresel\/home\/about\/"]}]},{"@type":"ImageObject","inLanguage":"en-US","@id":"https:\/\/gunguroo.com\/buecheresel\/home\/about\/#primaryimage","url":"https:\/\/i0.wp.com\/gunguroo.com\/buecheresel\/wp-content\/uploads\/2020\/11\/Dein-Literatur-Podcast.jpg?fit=2240%2C1260&ssl=1","contentUrl":"https:\/\/i0.wp.com\/gunguroo.com\/buecheresel\/wp-content\/uploads\/2020\/11\/Dein-Literatur-Podcast.jpg?fit=2240%2C1260&ssl=1","width":2240,"height":1260},{"@type":"BreadcrumbList","@id":"https:\/\/gunguroo.com\/buecheresel\/home\/about\/#breadcrumb","itemListElement":[{"@type":"ListItem","position":1,"name":"Home","item":"https:\/\/gunguroo.com\/buecheresel\/"},{"@type":"ListItem","position":2,"name":"Home","item":"https:\/\/gunguroo.com\/buecheresel\/"},{"@type":"ListItem","position":3,"name":"Wer sind wir?"}]},{"@type":"WebSite","@id":"https:\/\/gunguroo.com\/buecheresel\/#website","url":"https:\/\/gunguroo.com\/buecheresel\/","name":"B\u00fccherEsel","description":"Dein Literatur Podcast","publisher":{"@id":"https:\/\/gunguroo.com\/buecheresel\/#organization"},"potentialAction":[{"@type":"SearchAction","target":{"@type":"EntryPoint","urlTemplate":"https:\/\/gunguroo.com\/buecheresel\/?s={search_term_string}"},"query-input":{"@type":"PropertyValueSpecification","valueRequired":true,"valueName":"search_term_string"}}],"inLanguage":"en-US"},{"@type":"Organization","@id":"https:\/\/gunguroo.com\/buecheresel\/#organization","name":"B\u00fccherEsel - Dein Literatur Podcast","url":"https:\/\/gunguroo.com\/buecheresel\/","logo":{"@type":"ImageObject","inLanguage":"en-US","@id":"https:\/\/gunguroo.com\/buecheresel\/#\/schema\/logo\/image\/","url":"https:\/\/i1.wp.com\/gunguroo.com\/buecheresel\/wp-content\/uploads\/2020\/11\/Beige-Elegant-Collage-Sale-Instagram-Post.jpg?fit=1080%2C1080&ssl=1","contentUrl":"https:\/\/i1.wp.com\/gunguroo.com\/buecheresel\/wp-content\/uploads\/2020\/11\/Beige-Elegant-Collage-Sale-Instagram-Post.jpg?fit=1080%2C1080&ssl=1","width":1080,"height":1080,"caption":"B\u00fccherEsel - Dein Literatur Podcast"},"image":{"@id":"https:\/\/gunguroo.com\/buecheresel\/#\/schema\/logo\/image\/"},"sameAs":["https:\/\/www.facebook.com\/B\u00fccher-Esel-Dein-Literatur-Podcast-100811025159611","https:\/\/www.instagram.com\/buecheresel\/"]}]}},"jetpack_sharing_enabled":true,"jetpack_likes_enabled":true,"_links":{"self":[{"href":"https:\/\/gunguroo.com\/buecheresel\/wp-json\/wp\/v2\/pages\/10","targetHints":{"allow":["GET"]}}],"collection":[{"href":"https:\/\/gunguroo.com\/buecheresel\/wp-json\/wp\/v2\/pages"}],"about":[{"href":"https:\/\/gunguroo.com\/buecheresel\/wp-json\/wp\/v2\/types\/page"}],"author":[{"embeddable":true,"href":"https:\/\/gunguroo.com\/buecheresel\/wp-json\/wp\/v2\/users\/1"}],"replies":[{"embeddable":true,"href":"https:\/\/gunguroo.com\/buecheresel\/wp-json\/wp\/v2\/comments?post=10"}],"version-history":[{"count":5,"href":"https:\/\/gunguroo.com\/buecheresel\/wp-json\/wp\/v2\/pages\/10\/revisions"}],"predecessor-version":[{"id":407,"href":"https:\/\/gunguroo.com\/buecheresel\/wp-json\/wp\/v2\/pages\/10\/revisions\/407"}],"up":[{"embeddable":true,"href":"https:\/\/gunguroo.com\/buecheresel\/wp-json\/wp\/v2\/pages\/4"}],"wp:featuredmedia":[{"embeddable":true,"href":"https:\/\/gunguroo.com\/buecheresel\/wp-json\/wp\/v2\/media\/6"}],"wp:attachment":[{"href":"https:\/\/gunguroo.com\/buecheresel\/wp-json\/wp\/v2\/media?parent=10"}],"curies":[{"name":"wp","href":"https:\/\/api.w.org\/{rel}","templated":true}]}}