{"id":11,"date":"2020-11-14T11:35:36","date_gmt":"2020-11-14T11:35:36","guid":{"rendered":"https:\/\/gunguroo.com\/buecheresel\/?page_id=11"},"modified":"2020-11-16T10:54:32","modified_gmt":"2020-11-16T10:54:32","slug":"contact","status":"publish","type":"page","link":"https:\/\/gunguroo.com\/buecheresel\/contact\/","title":{"rendered":"Kontakt"},"content":{"rendered":"\n<p>Wenn Ihre Fragen, Ideen oder Vorschl\u00e4ge habt, k\u00f6nnt ihr uns gerne kontaktieren:<\/p>\n\n\n<div class=\"wpforms-container wpforms-container-full wpforms-block\" id=\"wpforms-63\"><form id=\"wpforms-form-63\" class=\"wpforms-validate wpforms-form\" data-formid=\"63\" method=\"post\" enctype=\"multipart\/form-data\" action=\"\/buecheresel\/wp-json\/wp\/v2\/pages\/11\" data-token=\"40c2d5bd7891fa3a3580b76d18a01fc3\" data-token-time=\"1776951789\"><noscript class=\"wpforms-error-noscript\">Please enable JavaScript in your browser to complete this form.<\/noscript><div class=\"wpforms-field-container\"><div id=\"wpforms-63-field_0-container\" class=\"wpforms-field wpforms-field-name\" data-field-id=\"0\"><label class=\"wpforms-field-label\">Name <span class=\"wpforms-required-label\">*<\/span><\/label><div class=\"wpforms-field-row wpforms-field-medium\"><div class=\"wpforms-field-row-block wpforms-first wpforms-one-half\"><input type=\"text\" id=\"wpforms-63-field_0\" class=\"wpforms-field-name-first wpforms-field-required\" name=\"wpforms[fields][0][first]\" required><label for=\"wpforms-63-field_0\" class=\"wpforms-field-sublabel after\">First<\/label><\/div><div class=\"wpforms-field-row-block wpforms-one-half\"><input type=\"text\" id=\"wpforms-63-field_0-last\" class=\"wpforms-field-name-last wpforms-field-required\" name=\"wpforms[fields][0][last]\" required><label for=\"wpforms-63-field_0-last\" class=\"wpforms-field-sublabel after\">Last<\/label><\/div><\/div><\/div><div id=\"wpforms-63-field_1-container\" class=\"wpforms-field wpforms-field-email\" data-field-id=\"1\"><label class=\"wpforms-field-label\" for=\"wpforms-63-field_1\">Email <span class=\"wpforms-required-label\">*<\/span><\/label><input type=\"email\" id=\"wpforms-63-field_1\" class=\"wpforms-field-medium wpforms-field-required\" name=\"wpforms[fields][1]\" spellcheck=\"false\" required><\/div><div id=\"wpforms-63-field_2-container\" class=\"wpforms-field wpforms-field-textarea\" data-field-id=\"2\"><label class=\"wpforms-field-label\" for=\"wpforms-63-field_2\">Comment or Message <span class=\"wpforms-required-label\">*<\/span><\/label><textarea id=\"wpforms-63-field_2\" class=\"wpforms-field-medium wpforms-field-required\" name=\"wpforms[fields][2]\" required><\/textarea><\/div><\/div><!-- .wpforms-field-container --><div class=\"wpforms-recaptcha-container wpforms-is-recaptcha wpforms-is-recaptcha-type-invisible\" ><div class=\"g-recaptcha\" data-sitekey=\"6Lc8g-MZAAAAAJm7iTsA3r_WOWsPY1ZMlcnC9d1D\" data-size=\"invisible\"><\/div><\/div><div class=\"wpforms-submit-container\" ><input type=\"hidden\" name=\"wpforms[id]\" value=\"63\"><input type=\"hidden\" name=\"page_title\" value=\"\"><input type=\"hidden\" name=\"page_url\" value=\"https:\/\/gunguroo.com\/buecheresel\/wp-json\/wp\/v2\/pages\/11\"><input type=\"hidden\" name=\"url_referer\" value=\"\"><button type=\"submit\" name=\"wpforms[submit]\" id=\"wpforms-submit-63\" class=\"wpforms-submit\" data-alt-text=\"Sending...\" data-submit-text=\"Submit\" aria-live=\"assertive\" value=\"wpforms-submit\">Submit<\/button><\/div><\/form><\/div>  <!-- .wpforms-container -->","protected":false},"excerpt":{"rendered":"<p>Wenn Ihre Fragen, Ideen oder Vorschl\u00e4ge habt, k\u00f6nnt ihr uns gerne kontaktieren:<\/p>\n","protected":false},"author":1,"featured_media":0,"parent":0,"menu_order":0,"comment_status":"closed","ping_status":"closed","template":"","meta":{"nf_dc_page":"","om_disable_all_campaigns":false,"_monsterinsights_skip_tracking":false,"_monsterinsights_sitenote_active":false,"_monsterinsights_sitenote_note":"","_monsterinsights_sitenote_category":0,"footnotes":""},"class_list":["post-11","page","type-page","status-publish","hentry"],"yoast_head":"<!-- This site is optimized with the Yoast SEO plugin v27.4 - https:\/\/yoast.com\/product\/yoast-seo-wordpress\/ -->\n<title>Kontakt - B\u00fccherEsel<\/title>\n<meta name=\"robots\" content=\"index, follow, max-snippet:-1, max-image-preview:large, max-video-preview:-1\" \/>\n<link rel=\"canonical\" href=\"https:\/\/gunguroo.com\/buecheresel\/contact\/\" \/>\n<meta property=\"og:locale\" content=\"en_US\" \/>\n<meta property=\"og:type\" content=\"article\" \/>\n<meta property=\"og:title\" content=\"Kontakt - B\u00fccherEsel\" \/>\n<meta property=\"og:description\" content=\"Wenn Ihre Fragen, Ideen oder Vorschl\u00e4ge habt, k\u00f6nnt ihr uns gerne kontaktieren:\" \/>\n<meta property=\"og:url\" content=\"https:\/\/gunguroo.com\/buecheresel\/contact\/\" \/>\n<meta property=\"og:site_name\" content=\"B\u00fccherEsel\" \/>\n<meta property=\"article:publisher\" content=\"https:\/\/www.facebook.com\/B%c3%bccher-Esel-Dein-Literatur-Podcast-100811025159611\" \/>\n<meta property=\"article:modified_time\" content=\"2020-11-16T10:54:32+00:00\" \/>\n<meta name=\"twitter:card\" content=\"summary_large_image\" \/>\n<script type=\"application\/ld+json\" class=\"yoast-schema-graph\">{\"@context\":\"https:\\\/\\\/schema.org\",\"@graph\":[{\"@type\":\"WebPage\",\"@id\":\"https:\\\/\\\/gunguroo.com\\\/buecheresel\\\/contact\\\/\",\"url\":\"https:\\\/\\\/gunguroo.com\\\/buecheresel\\\/contact\\\/\",\"name\":\"Kontakt - B\u00fccherEsel\",\"isPartOf\":{\"@id\":\"https:\\\/\\\/gunguroo.com\\\/buecheresel\\\/#website\"},\"datePublished\":\"2020-11-14T11:35:36+00:00\",\"dateModified\":\"2020-11-16T10:54:32+00:00\",\"breadcrumb\":{\"@id\":\"https:\\\/\\\/gunguroo.com\\\/buecheresel\\\/contact\\\/#breadcrumb\"},\"inLanguage\":\"en-US\",\"potentialAction\":[{\"@type\":\"ReadAction\",\"target\":[\"https:\\\/\\\/gunguroo.com\\\/buecheresel\\\/contact\\\/\"]}]},{\"@type\":\"BreadcrumbList\",\"@id\":\"https:\\\/\\\/gunguroo.com\\\/buecheresel\\\/contact\\\/#breadcrumb\",\"itemListElement\":[{\"@type\":\"ListItem\",\"position\":1,\"name\":\"Home\",\"item\":\"https:\\\/\\\/gunguroo.com\\\/buecheresel\\\/\"},{\"@type\":\"ListItem\",\"position\":2,\"name\":\"Kontakt\"}]},{\"@type\":\"WebSite\",\"@id\":\"https:\\\/\\\/gunguroo.com\\\/buecheresel\\\/#website\",\"url\":\"https:\\\/\\\/gunguroo.com\\\/buecheresel\\\/\",\"name\":\"B\u00fccherEsel\",\"description\":\"Dein Literatur Podcast\",\"publisher\":{\"@id\":\"https:\\\/\\\/gunguroo.com\\\/buecheresel\\\/#organization\"},\"potentialAction\":[{\"@type\":\"SearchAction\",\"target\":{\"@type\":\"EntryPoint\",\"urlTemplate\":\"https:\\\/\\\/gunguroo.com\\\/buecheresel\\\/?s={search_term_string}\"},\"query-input\":{\"@type\":\"PropertyValueSpecification\",\"valueRequired\":true,\"valueName\":\"search_term_string\"}}],\"inLanguage\":\"en-US\"},{\"@type\":\"Organization\",\"@id\":\"https:\\\/\\\/gunguroo.com\\\/buecheresel\\\/#organization\",\"name\":\"B\u00fccherEsel - Dein Literatur Podcast\",\"url\":\"https:\\\/\\\/gunguroo.com\\\/buecheresel\\\/\",\"logo\":{\"@type\":\"ImageObject\",\"inLanguage\":\"en-US\",\"@id\":\"https:\\\/\\\/gunguroo.com\\\/buecheresel\\\/#\\\/schema\\\/logo\\\/image\\\/\",\"url\":\"https:\\\/\\\/i1.wp.com\\\/gunguroo.com\\\/buecheresel\\\/wp-content\\\/uploads\\\/2020\\\/11\\\/Beige-Elegant-Collage-Sale-Instagram-Post.jpg?fit=1080%2C1080&ssl=1\",\"contentUrl\":\"https:\\\/\\\/i1.wp.com\\\/gunguroo.com\\\/buecheresel\\\/wp-content\\\/uploads\\\/2020\\\/11\\\/Beige-Elegant-Collage-Sale-Instagram-Post.jpg?fit=1080%2C1080&ssl=1\",\"width\":1080,\"height\":1080,\"caption\":\"B\u00fccherEsel - Dein Literatur Podcast\"},\"image\":{\"@id\":\"https:\\\/\\\/gunguroo.com\\\/buecheresel\\\/#\\\/schema\\\/logo\\\/image\\\/\"},\"sameAs\":[\"https:\\\/\\\/www.facebook.com\\\/B\u00fccher-Esel-Dein-Literatur-Podcast-100811025159611\",\"https:\\\/\\\/www.instagram.com\\\/buecheresel\\\/\"]}]}<\/script>\n<!-- \/ Yoast SEO plugin. -->","yoast_head_json":{"title":"Kontakt - B\u00fccherEsel","robots":{"index":"index","follow":"follow","max-snippet":"max-snippet:-1","max-image-preview":"max-image-preview:large","max-video-preview":"max-video-preview:-1"},"canonical":"https:\/\/gunguroo.com\/buecheresel\/contact\/","og_locale":"en_US","og_type":"article","og_title":"Kontakt - B\u00fccherEsel","og_description":"Wenn Ihre Fragen, Ideen oder Vorschl\u00e4ge habt, k\u00f6nnt ihr uns gerne kontaktieren:","og_url":"https:\/\/gunguroo.com\/buecheresel\/contact\/","og_site_name":"B\u00fccherEsel","article_publisher":"https:\/\/www.facebook.com\/B%c3%bccher-Esel-Dein-Literatur-Podcast-100811025159611","article_modified_time":"2020-11-16T10:54:32+00:00","twitter_card":"summary_large_image","schema":{"@context":"https:\/\/schema.org","@graph":[{"@type":"WebPage","@id":"https:\/\/gunguroo.com\/buecheresel\/contact\/","url":"https:\/\/gunguroo.com\/buecheresel\/contact\/","name":"Kontakt - B\u00fccherEsel","isPartOf":{"@id":"https:\/\/gunguroo.com\/buecheresel\/#website"},"datePublished":"2020-11-14T11:35:36+00:00","dateModified":"2020-11-16T10:54:32+00:00","breadcrumb":{"@id":"https:\/\/gunguroo.com\/buecheresel\/contact\/#breadcrumb"},"inLanguage":"en-US","potentialAction":[{"@type":"ReadAction","target":["https:\/\/gunguroo.com\/buecheresel\/contact\/"]}]},{"@type":"BreadcrumbList","@id":"https:\/\/gunguroo.com\/buecheresel\/contact\/#breadcrumb","itemListElement":[{"@type":"ListItem","position":1,"name":"Home","item":"https:\/\/gunguroo.com\/buecheresel\/"},{"@type":"ListItem","position":2,"name":"Kontakt"}]},{"@type":"WebSite","@id":"https:\/\/gunguroo.com\/buecheresel\/#website","url":"https:\/\/gunguroo.com\/buecheresel\/","name":"B\u00fccherEsel","description":"Dein Literatur Podcast","publisher":{"@id":"https:\/\/gunguroo.com\/buecheresel\/#organization"},"potentialAction":[{"@type":"SearchAction","target":{"@type":"EntryPoint","urlTemplate":"https:\/\/gunguroo.com\/buecheresel\/?s={search_term_string}"},"query-input":{"@type":"PropertyValueSpecification","valueRequired":true,"valueName":"search_term_string"}}],"inLanguage":"en-US"},{"@type":"Organization","@id":"https:\/\/gunguroo.com\/buecheresel\/#organization","name":"B\u00fccherEsel - Dein Literatur Podcast","url":"https:\/\/gunguroo.com\/buecheresel\/","logo":{"@type":"ImageObject","inLanguage":"en-US","@id":"https:\/\/gunguroo.com\/buecheresel\/#\/schema\/logo\/image\/","url":"https:\/\/i1.wp.com\/gunguroo.com\/buecheresel\/wp-content\/uploads\/2020\/11\/Beige-Elegant-Collage-Sale-Instagram-Post.jpg?fit=1080%2C1080&ssl=1","contentUrl":"https:\/\/i1.wp.com\/gunguroo.com\/buecheresel\/wp-content\/uploads\/2020\/11\/Beige-Elegant-Collage-Sale-Instagram-Post.jpg?fit=1080%2C1080&ssl=1","width":1080,"height":1080,"caption":"B\u00fccherEsel - Dein Literatur Podcast"},"image":{"@id":"https:\/\/gunguroo.com\/buecheresel\/#\/schema\/logo\/image\/"},"sameAs":["https:\/\/www.facebook.com\/B\u00fccher-Esel-Dein-Literatur-Podcast-100811025159611","https:\/\/www.instagram.com\/buecheresel\/"]}]}},"jetpack_sharing_enabled":true,"jetpack_likes_enabled":true,"_links":{"self":[{"href":"https:\/\/gunguroo.com\/buecheresel\/wp-json\/wp\/v2\/pages\/11","targetHints":{"allow":["GET"]}}],"collection":[{"href":"https:\/\/gunguroo.com\/buecheresel\/wp-json\/wp\/v2\/pages"}],"about":[{"href":"https:\/\/gunguroo.com\/buecheresel\/wp-json\/wp\/v2\/types\/page"}],"author":[{"embeddable":true,"href":"https:\/\/gunguroo.com\/buecheresel\/wp-json\/wp\/v2\/users\/1"}],"replies":[{"embeddable":true,"href":"https:\/\/gunguroo.com\/buecheresel\/wp-json\/wp\/v2\/comments?post=11"}],"version-history":[{"count":2,"href":"https:\/\/gunguroo.com\/buecheresel\/wp-json\/wp\/v2\/pages\/11\/revisions"}],"predecessor-version":[{"id":64,"href":"https:\/\/gunguroo.com\/buecheresel\/wp-json\/wp\/v2\/pages\/11\/revisions\/64"}],"wp:attachment":[{"href":"https:\/\/gunguroo.com\/buecheresel\/wp-json\/wp\/v2\/media?parent=11"}],"curies":[{"name":"wp","href":"https:\/\/api.w.org\/{rel}","templated":true}]}}