{"id":210,"date":"2021-05-15T07:58:46","date_gmt":"2021-05-15T07:58:46","guid":{"rendered":"https:\/\/gunguroo.com\/buecheresel\/?page_id=210"},"modified":"2023-07-18T19:02:17","modified_gmt":"2023-07-18T19:02:17","slug":"bucher-kurzgeschichten","status":"publish","type":"page","link":"https:\/\/gunguroo.com\/buecheresel\/bucher-kurzgeschichten\/","title":{"rendered":"B\u00fccher\/Kurzgeschichten"},"content":{"rendered":"\n<p>Hier stellen wir euch einige unsere ver\u00f6ffentlichten Kurzgeschichten und B\u00fccher vor:<\/p>\n\n\n\n<p>Novella: Von denen, die auszogen, Weihnachten zu vergessen (Ute)<\/p>\n\n\n\n<p>ISBN-13: 9783757864064<\/p>\n\n\n\n<p><a href=\"https:\/\/www.bod.de\/buchshop\/von-denen-die-auszogen-weihnachten-zu-vergessen-ute-tonia-9783757864064\" target=\"_blank\" rel=\"noreferrer noopener\">Von denen, die auszogen, Weihnachten zu vergessen<\/a><\/p>\n\n\n\n<figure class=\"wp-block-image size-large\"><img data-recalc-dims=\"1\" loading=\"lazy\" decoding=\"async\" width=\"580\" height=\"773\" src=\"https:\/\/i0.wp.com\/gunguroo.com\/buecheresel\/wp-content\/uploads\/2023\/07\/IMG_8036.jpg?resize=580%2C773&#038;ssl=1\" alt=\"\" class=\"wp-image-524\" srcset=\"https:\/\/i0.wp.com\/gunguroo.com\/buecheresel\/wp-content\/uploads\/2023\/07\/IMG_8036-scaled.jpg?resize=768%2C1024&amp;ssl=1 768w, https:\/\/i0.wp.com\/gunguroo.com\/buecheresel\/wp-content\/uploads\/2023\/07\/IMG_8036-scaled.jpg?resize=225%2C300&amp;ssl=1 225w, https:\/\/i0.wp.com\/gunguroo.com\/buecheresel\/wp-content\/uploads\/2023\/07\/IMG_8036-scaled.jpg?w=1920&amp;ssl=1 1920w, https:\/\/i0.wp.com\/gunguroo.com\/buecheresel\/wp-content\/uploads\/2023\/07\/IMG_8036-scaled.jpg?w=1160&amp;ssl=1 1160w, https:\/\/i0.wp.com\/gunguroo.com\/buecheresel\/wp-content\/uploads\/2023\/07\/IMG_8036-scaled.jpg?w=1740&amp;ssl=1 1740w\" sizes=\"auto, (max-width: 580px) 100vw, 580px\" \/><\/figure>\n\n\n\n<p>Kurzgeschichte: Quest for Panch Kaliyan (Ute)<\/p>\n\n\n\n<p>Ver\u00f6ffentlicht im Buch &#8220;Going the Distance&#8221;<\/p>\n\n\n<p><a target=\"_blank\" href=\"https:\/\/www.amazon.de\/gp\/product\/B088Y264J3\/ref=as_li_tl?ie=UTF8&amp;camp=1638&amp;creative=6742&amp;creativeASIN=B088Y264J3&amp;linkCode=as2&amp;tag=buecheresel0b-21&amp;linkId=9703073d0ce7f33cba384b63ad17ba53\" rel=\"noopener\"><img decoding=\"async\" border=\"0\" src=\"\/\/ws-eu.amazon-adsystem.com\/widgets\/q?_encoding=UTF8&amp;MarketPlace=DE&amp;ASIN=B088Y264J3&amp;ServiceVersion=20070822&amp;ID=AsinImage&amp;WS=1&amp;Format=_SL250_&amp;tag=buecheresel0b-21\"><\/a><\/p>\n\n\n\n<p>Kurzgeschichte: Mountains, Desert &amp; Forts: Crossing Rajasthan on Horseback (Ute)<\/p>\n\n\n\n<p>Ver\u00f6ffentlicht im Buch &#8220;Horse Nomads&#8221;<\/p>\n\n\n<p><a target=\"_blank\" href=\"https:\/\/www.amazon.de\/gp\/product\/B093MMSYZT\/ref=as_li_tl?ie=UTF8&amp;camp=1638&amp;creative=6742&amp;creativeASIN=B093MMSYZT&amp;linkCode=as2&amp;tag=buecheresel0b-21&amp;linkId=bcb8bd31c655574d3093e93b22982c67\" rel=\"noopener\"><img decoding=\"async\" border=\"0\" src=\"\/\/ws-eu.amazon-adsystem.com\/widgets\/q?_encoding=UTF8&amp;MarketPlace=DE&amp;ASIN=B093MMSYZT&amp;ServiceVersion=20070822&amp;ID=AsinImage&amp;WS=1&amp;Format=_SL250_&amp;tag=buecheresel0b-21\"><\/a><\/p>\n\n\n\n<p><a target=\"_blank\" href=\"https:\/\/www.amazon.de\/gp\/product\/B088Y264J3\/ref=as_li_tl?ie=UTF8&amp;camp=1638&amp;creative=6742&amp;creativeASIN=B088Y264J3&amp;linkCode=as2&amp;tag=buecheresel0b-21&amp;linkId=9703073d0ce7f33cba384b63ad17ba53\" rel=\"noreferrer noopener\"><\/a><\/p>\n","protected":false},"excerpt":{"rendered":"<p>Hier stellen wir euch einige unsere ver\u00f6ffentlichten Kurzgeschichten und B\u00fccher vor: Novella: Von denen, die auszogen, Weihnachten zu vergessen (Ute) ISBN-13: 9783757864064 Von denen, die auszogen, Weihnachten zu vergessen Kurzgeschichte: Quest for Panch Kaliyan (Ute) Ver\u00f6ffentlicht im Buch &#8220;Going the Distance&#8221; Kurzgeschichte: Mountains, Desert &amp; Forts: Crossing Rajasthan on Horseback (Ute) Ver\u00f6ffentlicht im Buch &#8220;Horse [&hellip;]<\/p>\n","protected":false},"author":1,"featured_media":6,"parent":0,"menu_order":0,"comment_status":"closed","ping_status":"closed","template":"","meta":{"nf_dc_page":"","om_disable_all_campaigns":false,"_monsterinsights_skip_tracking":false,"_monsterinsights_sitenote_active":false,"_monsterinsights_sitenote_note":"","_monsterinsights_sitenote_category":0,"footnotes":""},"class_list":["post-210","page","type-page","status-publish","has-post-thumbnail","hentry"],"yoast_head":"<!-- This site is optimized with the Yoast SEO plugin v27.4 - https:\/\/yoast.com\/product\/yoast-seo-wordpress\/ -->\n<title>B\u00fccher\/Kurzgeschichten - B\u00fccherEsel<\/title>\n<meta name=\"robots\" content=\"index, follow, max-snippet:-1, max-image-preview:large, max-video-preview:-1\" \/>\n<link rel=\"canonical\" href=\"https:\/\/gunguroo.com\/buecheresel\/bucher-kurzgeschichten\/\" \/>\n<meta property=\"og:locale\" content=\"en_US\" \/>\n<meta property=\"og:type\" content=\"article\" \/>\n<meta property=\"og:title\" content=\"B\u00fccher\/Kurzgeschichten - B\u00fccherEsel\" \/>\n<meta property=\"og:description\" content=\"Hier stellen wir euch einige unsere ver\u00f6ffentlichten Kurzgeschichten und B\u00fccher vor: Novella: Von denen, die auszogen, Weihnachten zu vergessen (Ute) ISBN-13: 9783757864064 Von denen, die auszogen, Weihnachten zu vergessen Kurzgeschichte: Quest for Panch Kaliyan (Ute) Ver\u00f6ffentlicht im Buch &#8220;Going the Distance&#8221; Kurzgeschichte: Mountains, Desert &amp; Forts: Crossing Rajasthan on Horseback (Ute) Ver\u00f6ffentlicht im Buch &#8220;Horse [&hellip;]\" \/>\n<meta property=\"og:url\" content=\"https:\/\/gunguroo.com\/buecheresel\/bucher-kurzgeschichten\/\" \/>\n<meta property=\"og:site_name\" content=\"B\u00fccherEsel\" \/>\n<meta property=\"article:publisher\" content=\"https:\/\/www.facebook.com\/B%c3%bccher-Esel-Dein-Literatur-Podcast-100811025159611\" \/>\n<meta property=\"article:modified_time\" content=\"2023-07-18T19:02:17+00:00\" \/>\n<meta property=\"og:image\" content=\"https:\/\/gunguroo.com\/buecheresel\/wp-content\/uploads\/2020\/11\/Dein-Literatur-Podcast.jpg\" \/>\n\t<meta property=\"og:image:width\" content=\"2240\" \/>\n\t<meta property=\"og:image:height\" content=\"1260\" \/>\n\t<meta property=\"og:image:type\" content=\"image\/jpeg\" \/>\n<meta name=\"twitter:card\" content=\"summary_large_image\" \/>\n<meta name=\"twitter:label1\" content=\"Est. reading time\" \/>\n\t<meta name=\"twitter:data1\" content=\"1 minute\" \/>\n<script type=\"application\/ld+json\" class=\"yoast-schema-graph\">{\"@context\":\"https:\\\/\\\/schema.org\",\"@graph\":[{\"@type\":\"WebPage\",\"@id\":\"https:\\\/\\\/gunguroo.com\\\/buecheresel\\\/bucher-kurzgeschichten\\\/\",\"url\":\"https:\\\/\\\/gunguroo.com\\\/buecheresel\\\/bucher-kurzgeschichten\\\/\",\"name\":\"B\u00fccher\\\/Kurzgeschichten - B\u00fccherEsel\",\"isPartOf\":{\"@id\":\"https:\\\/\\\/gunguroo.com\\\/buecheresel\\\/#website\"},\"primaryImageOfPage\":{\"@id\":\"https:\\\/\\\/gunguroo.com\\\/buecheresel\\\/bucher-kurzgeschichten\\\/#primaryimage\"},\"image\":{\"@id\":\"https:\\\/\\\/gunguroo.com\\\/buecheresel\\\/bucher-kurzgeschichten\\\/#primaryimage\"},\"thumbnailUrl\":\"https:\\\/\\\/i0.wp.com\\\/gunguroo.com\\\/buecheresel\\\/wp-content\\\/uploads\\\/2020\\\/11\\\/Dein-Literatur-Podcast.jpg?fit=2240%2C1260&ssl=1\",\"datePublished\":\"2021-05-15T07:58:46+00:00\",\"dateModified\":\"2023-07-18T19:02:17+00:00\",\"breadcrumb\":{\"@id\":\"https:\\\/\\\/gunguroo.com\\\/buecheresel\\\/bucher-kurzgeschichten\\\/#breadcrumb\"},\"inLanguage\":\"en-US\",\"potentialAction\":[{\"@type\":\"ReadAction\",\"target\":[\"https:\\\/\\\/gunguroo.com\\\/buecheresel\\\/bucher-kurzgeschichten\\\/\"]}]},{\"@type\":\"ImageObject\",\"inLanguage\":\"en-US\",\"@id\":\"https:\\\/\\\/gunguroo.com\\\/buecheresel\\\/bucher-kurzgeschichten\\\/#primaryimage\",\"url\":\"https:\\\/\\\/i0.wp.com\\\/gunguroo.com\\\/buecheresel\\\/wp-content\\\/uploads\\\/2020\\\/11\\\/Dein-Literatur-Podcast.jpg?fit=2240%2C1260&ssl=1\",\"contentUrl\":\"https:\\\/\\\/i0.wp.com\\\/gunguroo.com\\\/buecheresel\\\/wp-content\\\/uploads\\\/2020\\\/11\\\/Dein-Literatur-Podcast.jpg?fit=2240%2C1260&ssl=1\",\"width\":2240,\"height\":1260},{\"@type\":\"BreadcrumbList\",\"@id\":\"https:\\\/\\\/gunguroo.com\\\/buecheresel\\\/bucher-kurzgeschichten\\\/#breadcrumb\",\"itemListElement\":[{\"@type\":\"ListItem\",\"position\":1,\"name\":\"Home\",\"item\":\"https:\\\/\\\/gunguroo.com\\\/buecheresel\\\/\"},{\"@type\":\"ListItem\",\"position\":2,\"name\":\"B\u00fccher\\\/Kurzgeschichten\"}]},{\"@type\":\"WebSite\",\"@id\":\"https:\\\/\\\/gunguroo.com\\\/buecheresel\\\/#website\",\"url\":\"https:\\\/\\\/gunguroo.com\\\/buecheresel\\\/\",\"name\":\"B\u00fccherEsel\",\"description\":\"Dein Literatur Podcast\",\"publisher\":{\"@id\":\"https:\\\/\\\/gunguroo.com\\\/buecheresel\\\/#organization\"},\"potentialAction\":[{\"@type\":\"SearchAction\",\"target\":{\"@type\":\"EntryPoint\",\"urlTemplate\":\"https:\\\/\\\/gunguroo.com\\\/buecheresel\\\/?s={search_term_string}\"},\"query-input\":{\"@type\":\"PropertyValueSpecification\",\"valueRequired\":true,\"valueName\":\"search_term_string\"}}],\"inLanguage\":\"en-US\"},{\"@type\":\"Organization\",\"@id\":\"https:\\\/\\\/gunguroo.com\\\/buecheresel\\\/#organization\",\"name\":\"B\u00fccherEsel - Dein Literatur Podcast\",\"url\":\"https:\\\/\\\/gunguroo.com\\\/buecheresel\\\/\",\"logo\":{\"@type\":\"ImageObject\",\"inLanguage\":\"en-US\",\"@id\":\"https:\\\/\\\/gunguroo.com\\\/buecheresel\\\/#\\\/schema\\\/logo\\\/image\\\/\",\"url\":\"https:\\\/\\\/i1.wp.com\\\/gunguroo.com\\\/buecheresel\\\/wp-content\\\/uploads\\\/2020\\\/11\\\/Beige-Elegant-Collage-Sale-Instagram-Post.jpg?fit=1080%2C1080&ssl=1\",\"contentUrl\":\"https:\\\/\\\/i1.wp.com\\\/gunguroo.com\\\/buecheresel\\\/wp-content\\\/uploads\\\/2020\\\/11\\\/Beige-Elegant-Collage-Sale-Instagram-Post.jpg?fit=1080%2C1080&ssl=1\",\"width\":1080,\"height\":1080,\"caption\":\"B\u00fccherEsel - Dein Literatur Podcast\"},\"image\":{\"@id\":\"https:\\\/\\\/gunguroo.com\\\/buecheresel\\\/#\\\/schema\\\/logo\\\/image\\\/\"},\"sameAs\":[\"https:\\\/\\\/www.facebook.com\\\/B\u00fccher-Esel-Dein-Literatur-Podcast-100811025159611\",\"https:\\\/\\\/www.instagram.com\\\/buecheresel\\\/\"]}]}<\/script>\n<!-- \/ Yoast SEO plugin. -->","yoast_head_json":{"title":"B\u00fccher\/Kurzgeschichten - B\u00fccherEsel","robots":{"index":"index","follow":"follow","max-snippet":"max-snippet:-1","max-image-preview":"max-image-preview:large","max-video-preview":"max-video-preview:-1"},"canonical":"https:\/\/gunguroo.com\/buecheresel\/bucher-kurzgeschichten\/","og_locale":"en_US","og_type":"article","og_title":"B\u00fccher\/Kurzgeschichten - B\u00fccherEsel","og_description":"Hier stellen wir euch einige unsere ver\u00f6ffentlichten Kurzgeschichten und B\u00fccher vor: Novella: Von denen, die auszogen, Weihnachten zu vergessen (Ute) ISBN-13: 9783757864064 Von denen, die auszogen, Weihnachten zu vergessen Kurzgeschichte: Quest for Panch Kaliyan (Ute) Ver\u00f6ffentlicht im Buch &#8220;Going the Distance&#8221; Kurzgeschichte: Mountains, Desert &amp; Forts: Crossing Rajasthan on Horseback (Ute) Ver\u00f6ffentlicht im Buch &#8220;Horse [&hellip;]","og_url":"https:\/\/gunguroo.com\/buecheresel\/bucher-kurzgeschichten\/","og_site_name":"B\u00fccherEsel","article_publisher":"https:\/\/www.facebook.com\/B%c3%bccher-Esel-Dein-Literatur-Podcast-100811025159611","article_modified_time":"2023-07-18T19:02:17+00:00","og_image":[{"width":2240,"height":1260,"url":"https:\/\/gunguroo.com\/buecheresel\/wp-content\/uploads\/2020\/11\/Dein-Literatur-Podcast.jpg","type":"image\/jpeg"}],"twitter_card":"summary_large_image","twitter_misc":{"Est. reading time":"1 minute"},"schema":{"@context":"https:\/\/schema.org","@graph":[{"@type":"WebPage","@id":"https:\/\/gunguroo.com\/buecheresel\/bucher-kurzgeschichten\/","url":"https:\/\/gunguroo.com\/buecheresel\/bucher-kurzgeschichten\/","name":"B\u00fccher\/Kurzgeschichten - B\u00fccherEsel","isPartOf":{"@id":"https:\/\/gunguroo.com\/buecheresel\/#website"},"primaryImageOfPage":{"@id":"https:\/\/gunguroo.com\/buecheresel\/bucher-kurzgeschichten\/#primaryimage"},"image":{"@id":"https:\/\/gunguroo.com\/buecheresel\/bucher-kurzgeschichten\/#primaryimage"},"thumbnailUrl":"https:\/\/i0.wp.com\/gunguroo.com\/buecheresel\/wp-content\/uploads\/2020\/11\/Dein-Literatur-Podcast.jpg?fit=2240%2C1260&ssl=1","datePublished":"2021-05-15T07:58:46+00:00","dateModified":"2023-07-18T19:02:17+00:00","breadcrumb":{"@id":"https:\/\/gunguroo.com\/buecheresel\/bucher-kurzgeschichten\/#breadcrumb"},"inLanguage":"en-US","potentialAction":[{"@type":"ReadAction","target":["https:\/\/gunguroo.com\/buecheresel\/bucher-kurzgeschichten\/"]}]},{"@type":"ImageObject","inLanguage":"en-US","@id":"https:\/\/gunguroo.com\/buecheresel\/bucher-kurzgeschichten\/#primaryimage","url":"https:\/\/i0.wp.com\/gunguroo.com\/buecheresel\/wp-content\/uploads\/2020\/11\/Dein-Literatur-Podcast.jpg?fit=2240%2C1260&ssl=1","contentUrl":"https:\/\/i0.wp.com\/gunguroo.com\/buecheresel\/wp-content\/uploads\/2020\/11\/Dein-Literatur-Podcast.jpg?fit=2240%2C1260&ssl=1","width":2240,"height":1260},{"@type":"BreadcrumbList","@id":"https:\/\/gunguroo.com\/buecheresel\/bucher-kurzgeschichten\/#breadcrumb","itemListElement":[{"@type":"ListItem","position":1,"name":"Home","item":"https:\/\/gunguroo.com\/buecheresel\/"},{"@type":"ListItem","position":2,"name":"B\u00fccher\/Kurzgeschichten"}]},{"@type":"WebSite","@id":"https:\/\/gunguroo.com\/buecheresel\/#website","url":"https:\/\/gunguroo.com\/buecheresel\/","name":"B\u00fccherEsel","description":"Dein Literatur Podcast","publisher":{"@id":"https:\/\/gunguroo.com\/buecheresel\/#organization"},"potentialAction":[{"@type":"SearchAction","target":{"@type":"EntryPoint","urlTemplate":"https:\/\/gunguroo.com\/buecheresel\/?s={search_term_string}"},"query-input":{"@type":"PropertyValueSpecification","valueRequired":true,"valueName":"search_term_string"}}],"inLanguage":"en-US"},{"@type":"Organization","@id":"https:\/\/gunguroo.com\/buecheresel\/#organization","name":"B\u00fccherEsel - Dein Literatur Podcast","url":"https:\/\/gunguroo.com\/buecheresel\/","logo":{"@type":"ImageObject","inLanguage":"en-US","@id":"https:\/\/gunguroo.com\/buecheresel\/#\/schema\/logo\/image\/","url":"https:\/\/i1.wp.com\/gunguroo.com\/buecheresel\/wp-content\/uploads\/2020\/11\/Beige-Elegant-Collage-Sale-Instagram-Post.jpg?fit=1080%2C1080&ssl=1","contentUrl":"https:\/\/i1.wp.com\/gunguroo.com\/buecheresel\/wp-content\/uploads\/2020\/11\/Beige-Elegant-Collage-Sale-Instagram-Post.jpg?fit=1080%2C1080&ssl=1","width":1080,"height":1080,"caption":"B\u00fccherEsel - Dein Literatur Podcast"},"image":{"@id":"https:\/\/gunguroo.com\/buecheresel\/#\/schema\/logo\/image\/"},"sameAs":["https:\/\/www.facebook.com\/B\u00fccher-Esel-Dein-Literatur-Podcast-100811025159611","https:\/\/www.instagram.com\/buecheresel\/"]}]}},"jetpack_sharing_enabled":true,"jetpack_likes_enabled":true,"_links":{"self":[{"href":"https:\/\/gunguroo.com\/buecheresel\/wp-json\/wp\/v2\/pages\/210","targetHints":{"allow":["GET"]}}],"collection":[{"href":"https:\/\/gunguroo.com\/buecheresel\/wp-json\/wp\/v2\/pages"}],"about":[{"href":"https:\/\/gunguroo.com\/buecheresel\/wp-json\/wp\/v2\/types\/page"}],"author":[{"embeddable":true,"href":"https:\/\/gunguroo.com\/buecheresel\/wp-json\/wp\/v2\/users\/1"}],"replies":[{"embeddable":true,"href":"https:\/\/gunguroo.com\/buecheresel\/wp-json\/wp\/v2\/comments?post=210"}],"version-history":[{"count":3,"href":"https:\/\/gunguroo.com\/buecheresel\/wp-json\/wp\/v2\/pages\/210\/revisions"}],"predecessor-version":[{"id":525,"href":"https:\/\/gunguroo.com\/buecheresel\/wp-json\/wp\/v2\/pages\/210\/revisions\/525"}],"wp:featuredmedia":[{"embeddable":true,"href":"https:\/\/gunguroo.com\/buecheresel\/wp-json\/wp\/v2\/media\/6"}],"wp:attachment":[{"href":"https:\/\/gunguroo.com\/buecheresel\/wp-json\/wp\/v2\/media?parent=210"}],"curies":[{"name":"wp","href":"https:\/\/api.w.org\/{rel}","templated":true}]}}